{"id":370,"date":"2024-06-10T10:26:48","date_gmt":"2024-06-10T10:26:48","guid":{"rendered":"https:\/\/raw.githubusercontent.com\/drfuri\/demo-content\/main\/ecomus\/fashion\/images\/?page_id=370"},"modified":"2026-03-07T18:25:38","modified_gmt":"2026-03-07T18:25:38","slug":"fale-connosco","status":"publish","type":"page","link":"https:\/\/superchargers.pt\/testes\/fale-connosco\/","title":{"rendered":"Fale connosco"},"content":{"rendered":"\t\t<div data-elementor-type=\"wp-page\" data-elementor-id=\"370\" class=\"elementor elementor-370\">\n\t\t\t\t<div class=\"elementor-element elementor-element-67f051a0 e-flex e-con-boxed ecomus-responsive-column ecomus-tablet-column--default ecomus-responsive-column ecomus-mobile-column--default ecomus-responsive-column ecomus-motion--var(--position) e-con e-parent\" data-id=\"67f051a0\" data-element_type=\"container\" data-e-type=\"container\">\n\t\t\t\t\t<div class=\"e-con-inner\">\n\t\t<div class=\"elementor-element elementor-element-14855ef6 e-con-full e-flex ecomus-responsive-column ecomus-tablet-column--default ecomus-responsive-column ecomus-mobile-column--default ecomus-responsive-column ecomus-motion--var(--position) e-con e-child\" data-id=\"14855ef6\" data-element_type=\"container\" data-e-type=\"container\">\n\t\t\t\t<div class=\"elementor-element elementor-element-0a8a69c elementor-widget elementor-widget-image\" data-id=\"0a8a69c\" data-element_type=\"widget\" data-e-type=\"widget\" data-widget_type=\"image.default\">\n\t\t\t\t\t\t\t\t\t\t\t\t\t\t\t<img fetchpriority=\"high\" decoding=\"async\" width=\"683\" height=\"1024\" src=\"https:\/\/superchargers.pt\/testes\/wp-content\/uploads\/2025\/10\/pexels-autorecords-10549261-683x1024.jpg\" class=\"attachment-large size-large wp-image-6899\" alt=\"\" srcset=\"https:\/\/superchargers.pt\/testes\/wp-content\/uploads\/2025\/10\/pexels-autorecords-10549261-683x1024.jpg 683w, https:\/\/superchargers.pt\/testes\/wp-content\/uploads\/2025\/10\/pexels-autorecords-10549261-200x300.jpg 200w, https:\/\/superchargers.pt\/testes\/wp-content\/uploads\/2025\/10\/pexels-autorecords-10549261-768x1152.jpg 768w, https:\/\/superchargers.pt\/testes\/wp-content\/uploads\/2025\/10\/pexels-autorecords-10549261-1024x1536.jpg 1024w, https:\/\/superchargers.pt\/testes\/wp-content\/uploads\/2025\/10\/pexels-autorecords-10549261-700x1050.jpg 700w, https:\/\/superchargers.pt\/testes\/wp-content\/uploads\/2025\/10\/pexels-autorecords-10549261-130x195.jpg 130w, https:\/\/superchargers.pt\/testes\/wp-content\/uploads\/2025\/10\/pexels-autorecords-10549261.jpg 1280w\" sizes=\"(max-width: 683px) 100vw, 683px\" \/>\t\t\t\t\t\t\t\t\t\t\t\t\t\t\t<\/div>\n\t\t\t\t<\/div>\n\t\t<div class=\"elementor-element elementor-element-2be36368 e-con-full e-flex ecomus-responsive-column ecomus-tablet-column--default ecomus-responsive-column ecomus-mobile-column--default ecomus-responsive-column ecomus-motion--var(--position) e-con e-child\" data-id=\"2be36368\" data-element_type=\"container\" data-e-type=\"container\">\n\t\t\t\t<div class=\"elementor-element elementor-element-289160fe elementor-widget elementor-widget-heading\" data-id=\"289160fe\" data-element_type=\"widget\" data-e-type=\"widget\" data-widget_type=\"heading.default\">\n\t\t\t\t\t<h5 class=\"elementor-heading-title elementor-size-default\">CONTATOS SUPERCHARGERS.PT\n<\/h5>\t\t\t\t<\/div>\n\t\t\t\t<div class=\"elementor-element elementor-element-29c54db5 elementor-widget elementor-widget-text-editor\" data-id=\"29c54db5\" data-element_type=\"widget\" data-e-type=\"widget\" data-widget_type=\"text-editor.default\">\n\t\t\t\t\t\t\t\t\t<p><strong>Fale connosco e acelere a sua aventura no universo dos ve\u00edculos el\u00e9tricos.<\/strong><\/p><p>A equipa Superchargers.pt est\u00e1 dispon\u00edvel para esclarecer d\u00favidas, fornecer apoio especializado e ajudar a tirar o m\u00e1ximo partido da mobilidade el\u00e9trica. Quer seja para informa\u00e7\u00f5es t\u00e9cnicas, solu\u00e7\u00f5es de carregamento ou apoio personalizado, estaremos sempre prontos para acompanhar cada etapa da sua experi\u00eancia com ve\u00edculos el\u00e9tricos.<\/p>\t\t\t\t\t\t\t\t<\/div>\n\t\t\t\t<div class=\"elementor-element elementor-element-f6696de elementor-widget elementor-widget-text-editor\" data-id=\"f6696de\" data-element_type=\"widget\" data-e-type=\"widget\" data-widget_type=\"text-editor.default\">\n\t\t\t\t\t\t\t\t\t<p><strong>LOCALIZA\u00c7\u00c3O base<br \/><\/strong>Maia &#8211; Porto<br \/>(PORTUGAL)<\/p>\t\t\t\t\t\t\t\t<\/div>\n\t\t\t\t<div class=\"elementor-element elementor-element-19746f8a elementor-widget elementor-widget-text-editor\" data-id=\"19746f8a\" data-element_type=\"widget\" data-e-type=\"widget\" data-widget_type=\"text-editor.default\">\n\t\t\t\t\t\t\t\t\t<p><strong>WHATSAPP (<span style=\"text-decoration: underline;\">apenas mensagens<\/span>)<\/strong><br \/>00351 966887749<\/p>\t\t\t\t\t\t\t\t<\/div>\n\t\t\t\t<div class=\"elementor-element elementor-element-20820849 elementor-widget elementor-widget-text-editor\" data-id=\"20820849\" data-element_type=\"widget\" data-e-type=\"widget\" data-widget_type=\"text-editor.default\">\n\t\t\t\t\t\t\t\t\t<p><strong>Assuntos relacionados com a plataforma<\/strong><br \/>marketing@superchargers.pt<\/p><p><strong>Empresas, parcerias estrat\u00e9gicas, e espa\u00e7os publicit\u00e1rios<br \/><\/strong>parcerias@superchargers.pt<\/p><p><strong>Produtos \/ Servi\u00e7os<\/strong><br \/>comercial@superchargers.pt<\/p>\t\t\t\t\t\t\t\t<\/div>\n\t\t\t\t<div class=\"elementor-element elementor-element-2139a0bb elementor-widget elementor-widget-text-editor\" data-id=\"2139a0bb\" data-element_type=\"widget\" data-e-type=\"widget\" data-widget_type=\"text-editor.default\">\n\t\t\t\t\t\t\t\t\t<p><strong>HOR\u00c1RIOS DE ATENDIMENTO<\/strong><\/p><p><strong>De 2\u00aa a 6\u00aa feira (online)<\/strong><br \/>&#8211; Das 09h00 \u00e0s 19h00<\/p><p><strong>S\u00e1bado \/ Domingo \/ Feriados<\/strong><br \/>&#8211; Offline<\/p>\t\t\t\t\t\t\t\t<\/div>\n\t\t\t\t<div class=\"elementor-element elementor-element-5f5b523 ecomus-social-icons__style--none elementor-widget elementor-widget-ecomus-social-icons\" data-id=\"5f5b523\" data-element_type=\"widget\" data-e-type=\"widget\" data-widget_type=\"ecomus-social-icons.default\">\n\t\t\t\t<div class=\"elementor-widget-container\">\n\t\t\t\t\t\t\t<div class=\"ecomus-social-icons__wrapper\">\n\t\t\t\t\t\t\t<a class=\"ecomus-social-icons__item  elementor-repeater-item-2d7d3e4\" href=\"#\" target=\"_blank\" aria-label=Social Icon Link>\n\t\t\t\t\t\t\t\t\t\t\t<span class=\"ecomus-svg-icon\"><svg xmlns=\"http:\/\/www.w3.org\/2000\/svg\" viewBox=\"0 0 320 512\"><path d=\"M279.14 288l14.22-92.66h-88.91v-60.13c0-25.35 12.42-50.06 52.24-50.06h40.42V6.26S260.43 0 225.36 0c-73.22 0-121.08 44.38-121.08 124.72v70.62H22.89V288h81.39v224h100.17V288z\"><\/path><\/svg><\/span>\t\t\t\t\t\t\t\t\t<\/a>\n\t\t\t\t\t\t\t<a class=\"ecomus-social-icons__item  elementor-repeater-item-42c0eb9\" href=\"#\" target=\"_blank\" aria-label=Social Icon Link>\n\t\t\t\t\t\t\t\t\t\t\t<span class=\"ecomus-svg-icon\"><svg viewBox=\"0 0 512 512\"><path d=\"M389.2 48h70.6L305.6 224.2 487 464H345L233.7 318.6 106.5 464H35.8L200.7 275.5 26.8 48H172.4L272.9 180.9 389.2 48zM364.4 421.8h39.1L151.1 88h-42L364.4 421.8z\"><\/path><\/svg><\/span>\t\t\t\t\t\t\t\t\t<\/a>\n\t\t\t\t\t\t\t<a class=\"ecomus-social-icons__item  elementor-repeater-item-cc608f4\" href=\"#\" target=\"_blank\" aria-label=Social Icon Link>\n\t\t\t\t\t\t\t\t\t\t\t<span class=\"ecomus-svg-icon\"><svg xmlns=\"http:\/\/www.w3.org\/2000\/svg\" viewBox=\"0 0 448 512\"><path d=\"M224.1 141c-63.6 0-114.9 51.3-114.9 114.9s51.3 114.9 114.9 114.9S339 319.5 339 255.9 287.7 141 224.1 141zm0 189.6c-41.1 0-74.7-33.5-74.7-74.7s33.5-74.7 74.7-74.7 74.7 33.5 74.7 74.7-33.6 74.7-74.7 74.7zm146.4-194.3c0 14.9-12 26.8-26.8 26.8-14.9 0-26.8-12-26.8-26.8s12-26.8 26.8-26.8 26.8 12 26.8 26.8zm76.1 27.2c-1.7-35.9-9.9-67.7-36.2-93.9-26.2-26.2-58-34.4-93.9-36.2-37-2.1-147.9-2.1-184.9 0-35.8 1.7-67.6 9.9-93.9 36.1s-34.4 58-36.2 93.9c-2.1 37-2.1 147.9 0 184.9 1.7 35.9 9.9 67.7 36.2 93.9s58 34.4 93.9 36.2c37 2.1 147.9 2.1 184.9 0 35.9-1.7 67.7-9.9 93.9-36.2 26.2-26.2 34.4-58 36.2-93.9 2.1-37 2.1-147.8 0-184.8zM398.8 388c-7.8 19.6-22.9 34.7-42.6 42.6-29.5 11.7-99.5 9-132.1 9s-102.7 2.6-132.1-9c-19.6-7.8-34.7-22.9-42.6-42.6-11.7-29.5-9-99.5-9-132.1s-2.6-102.7 9-132.1c7.8-19.6 22.9-34.7 42.6-42.6 29.5-11.7 99.5-9 132.1-9s102.7-2.6 132.1 9c19.6 7.8 34.7 22.9 42.6 42.6 11.7 29.5 9 99.5 9 132.1s2.7 102.7-9 132.1z\"><\/path><\/svg><\/span>\t\t\t\t\t\t\t\t\t<\/a>\n\t\t\t\t\t\t\t<a class=\"ecomus-social-icons__item  elementor-repeater-item-2ba296b\" href=\"#\" target=\"_blank\" aria-label=Social Icon Link>\n\t\t\t\t\t\t\t\t\t\t\t<span class=\"ecomus-svg-icon\"><svg xmlns=\"http:\/\/www.w3.org\/2000\/svg\" viewBox=\"0 0 448 512\"><path d=\"M448,209.91a210.06,210.06,0,0,1-122.77-39.25V349.38A162.55,162.55,0,1,1,185,188.31V278.2a74.62,74.62,0,1,0,52.23,71.18V0l88,0a121.18,121.18,0,0,0,1.86,22.17h0A122.18,122.18,0,0,0,381,102.39a121.43,121.43,0,0,0,67,20.14Z\"><\/path><\/svg><\/span>\t\t\t\t\t\t\t\t\t<\/a>\n\t\t\t\t\t<\/div>\n\t\t\t\t\t\t<\/div>\n\t\t\t\t<\/div>\n\t\t\t\t<\/div>\n\t\t\t\t\t<\/div>\n\t\t\t\t<\/div>\n\t\t<div class=\"elementor-element elementor-element-1af35a7 e-flex e-con-boxed ecomus-responsive-column ecomus-tablet-column--default ecomus-responsive-column ecomus-mobile-column--default ecomus-responsive-column ecomus-motion--var(--position) e-con e-parent\" data-id=\"1af35a7\" data-element_type=\"container\" data-e-type=\"container\">\n\t\t\t\t\t<div class=\"e-con-inner\">\n\t\t\t\t<div class=\"elementor-element elementor-element-84381d4 elementor-widget elementor-widget-text-editor\" data-id=\"84381d4\" data-element_type=\"widget\" data-e-type=\"widget\" data-widget_type=\"text-editor.default\">\n\t\t\t\t\t\t\t\t\t<h4><strong>\u00c9 bom ver que chegou at\u00e9 esta p\u00e1gina! \ud83d\ude97\u26a1<\/strong><\/h4><p>Se chegou at\u00e9 esta p\u00e1gina \u00e9 porque est\u00e1 querendo falar connosco \u2014 e n\u00f3s adoramos uma boa conversa, ainda mais quando o assunto \u00e9 carro el\u00e9trico.<\/p><p>A nossa equipa respira mobilidade el\u00e9trica. Literalmente: se pudesse, trocar\u00edamos at\u00e9 o caf\u00e9 da manh\u00e3 por um bom carregamento de bateria (mas calma, ainda gostamos de p\u00e3o torrado com manteiga).<\/p><p>Ent\u00e3o, pode acreditar: ningu\u00e9m vos ir\u00e1 deixar ficar a falar sozinhos.<\/p><h5>Como poder\u00e1 falar connosco:<\/h5><ul><li><strong>E-mail:<\/strong><span style=\"color: #545454; font-family: 'Albert Sans', Arial, sans-serif; font-size: 0.875rem;\"> se gosta de escrever com calma, envie a sua mensagem para o nosso e-mail. Responderemos rapidamente, sem aqueles textos autom\u00e1ticos chatos.<\/span><\/li><li><strong>Telefone\/WhatsApp:<\/strong> prefere resolver na hora? \u00c9 s\u00f3 enviar um WhatsApp Se n\u00e3o respondermos na hora, aposte que iremos responder assim que poss\u00edvel.<\/li><li><strong>Formul\u00e1rio do website:<\/strong> apenas necessita preencher com seus dados e sua mensagem. Prometemos que n\u00e3o \u00e9 um daqueles formul\u00e1rios complicados.<\/li><\/ul><h5>O que poder\u00e1 perguntar-nos?<\/h5><p>Quase tudo! Desde as d\u00favidas sobre autonomia, tempo de carregamento, incentivos do governo ou at\u00e9 qual carro el\u00e9trico cabe melhor na sua garagem? Pode perguntar. Quer agendar um test drive? Quer s\u00f3 contar que acabou de comprar seu primeiro autom\u00f3vel el\u00e9trico?<\/p><p>Ou ent\u00e3o, fale connosco acerca manuten\u00e7\u00e3o, acess\u00f3rios, atualiza\u00e7\u00f5es de software ou at\u00e9 para pedir aquela dica de viagem el\u00e9trica perfeita.<\/p><h5>Porque insistimos tanto no contato?<\/h5><p>Simples: acreditamos que a mobilidade el\u00e9trica n\u00e3o \u00e9 s\u00f3 sobre tecnologia, mas tamb\u00e9m sobre comunidade. Cada mensagem que recebemos vira um pedacinho dessa troca. \u00c0s vezes voc\u00ea tem uma d\u00favida que parece pequena, mas pode ser exatamente o que outro motorista tamb\u00e9m queria saber. Outras vezes, vem uma ideia incr\u00edvel que faz a gente repensar como oferecer nossos servi\u00e7os. Ou seja: conversar com voc\u00ea nos faz crescer.<\/p><h5>Um \u00faltimo recado (meio s\u00e9rio, mas n\u00e3o tanto)<\/h5><p>A gente sabe que falar com empresas, muitas vezes, \u00e9 uma tortura. Linhas ocupadas, respostas autom\u00e1ticas, demora imenso tempo\u2026 Mas n\u00e3o aqui!<\/p><p>Queremos ser diferentes, no melhor sentido da palavra. Se voc\u00ea tiver uma boa experi\u00eancia de contato com o nosso website, sentir\u00e1 um gostinho de como acreditamos que deve ser tamb\u00e9m a experi\u00eancia de ter um carro el\u00e9trico: leve, pr\u00e1tica e com aquele toque de empolga\u00e7\u00e3o que muda o dia.<\/p><p>Ent\u00e3o, n\u00e3o precisa pensar duas vezes. Se ficou alguma d\u00favida, curiosidade ou vontade de conversar, envie mensagem agora mesmo. Estamos a um clique de dist\u00e2ncia!<\/p><h6><strong>Fale connosco.<br \/>Vai ser eletrizante! \u26a1<\/strong><\/h6>\t\t\t\t\t\t\t\t<\/div>\n\t\t\t\t\t<\/div>\n\t\t\t\t<\/div>\n\t\t<div class=\"elementor-element elementor-element-4f51132f e-flex e-con-boxed ecomus-responsive-column ecomus-tablet-column--default ecomus-responsive-column ecomus-mobile-column--default ecomus-responsive-column ecomus-motion--var(--position) e-con e-parent\" data-id=\"4f51132f\" data-element_type=\"container\" data-e-type=\"container\" data-settings=\"{&quot;background_background&quot;:&quot;classic&quot;}\">\n\t\t\t\t\t<div class=\"e-con-inner\">\n\t\t<div class=\"elementor-element elementor-element-796bd20c e-con-full e-flex ecomus-responsive-column ecomus-tablet-column--default ecomus-responsive-column ecomus-mobile-column--default ecomus-responsive-column ecomus-motion--var(--position) e-con e-child\" data-id=\"796bd20c\" data-element_type=\"container\" data-e-type=\"container\">\n\t\t\t\t<div class=\"elementor-element elementor-element-7ec1ff68 elementor-widget elementor-widget-heading\" data-id=\"7ec1ff68\" data-element_type=\"widget\" data-e-type=\"widget\" data-widget_type=\"heading.default\">\n\t\t\t\t\t<h5 class=\"elementor-heading-title elementor-size-default\"> Vamos falar ent\u00e3o de ve\u00edculos el\u00e9tricos? \u26a1<\/h5>\t\t\t\t<\/div>\n\t\t\t\t<div class=\"elementor-element elementor-element-d5435c2 elementor-widget elementor-widget-text-editor\" data-id=\"d5435c2\" data-element_type=\"widget\" data-e-type=\"widget\" data-widget_type=\"text-editor.default\">\n\t\t\t\t\t\t\t\t\t<p>Envie-nos a sua mensagem e responderemos assim que poss\u00edvel.<br \/>A menos que estejamos sem energia! \ud83d\ude1b<\/p>\t\t\t\t\t\t\t\t<\/div>\n\t\t\t\t<div class=\"elementor-element elementor-element-81fa285 elementor-widget elementor-widget-ecomus-contact-form\" data-id=\"81fa285\" data-element_type=\"widget\" data-e-type=\"widget\" data-widget_type=\"ecomus-contact-form.default\">\n\t\t\t\t<div class=\"elementor-widget-container\">\n\t\t\t\t\t\t\t<div class=\"ecomus-contact-form ecomus-custom-button--skin\">\n\t\t\t[fc id='2'][\/fc]\t\t<\/div>\n\t\t\t\t\t\t<\/div>\n\t\t\t\t<\/div>\n\t\t\t\t<\/div>\n\t\t\t\t\t<\/div>\n\t\t\t\t<\/div>\n\t\t\t\t<\/div>\n\t\t","protected":false},"excerpt":{"rendered":"<p>CONTATOS SUPERCHARGERS.PT Fale connosco e acelere a sua aventura no universo dos ve\u00edculos el\u00e9tricos. A equipa Superchargers.pt est\u00e1 dispon\u00edvel para esclarecer d\u00favidas, fornecer apoio especializado e ajudar a tirar o m\u00e1ximo partido da mobilidade el\u00e9trica. Quer seja para informa\u00e7\u00f5es t\u00e9cnicas, solu\u00e7\u00f5es de carregamento ou apoio personalizado, estaremos sempre prontos para acompanhar cada etapa da sua [&hellip;]<\/p>\n","protected":false},"author":1,"featured_media":0,"parent":0,"menu_order":0,"comment_status":"closed","ping_status":"closed","template":"","meta":{"footnotes":""},"class_list":["post-370","page","type-page","status-publish","hentry"],"_links":{"self":[{"href":"https:\/\/superchargers.pt\/testes\/wp-json\/wp\/v2\/pages\/370","targetHints":{"allow":["GET"]}}],"collection":[{"href":"https:\/\/superchargers.pt\/testes\/wp-json\/wp\/v2\/pages"}],"about":[{"href":"https:\/\/superchargers.pt\/testes\/wp-json\/wp\/v2\/types\/page"}],"author":[{"embeddable":true,"href":"https:\/\/superchargers.pt\/testes\/wp-json\/wp\/v2\/users\/1"}],"replies":[{"embeddable":true,"href":"https:\/\/superchargers.pt\/testes\/wp-json\/wp\/v2\/comments?post=370"}],"version-history":[{"count":0,"href":"https:\/\/superchargers.pt\/testes\/wp-json\/wp\/v2\/pages\/370\/revisions"}],"wp:attachment":[{"href":"https:\/\/superchargers.pt\/testes\/wp-json\/wp\/v2\/media?parent=370"}],"curies":[{"name":"wp","href":"https:\/\/api.w.org\/{rel}","templated":true}]}}